{"id":2697,"date":"2020-04-04T14:16:00","date_gmt":"2020-04-04T12:16:00","guid":{"rendered":"https:\/\/swisstimberengineers.ch\/a-propos-de-nous\/"},"modified":"2026-04-14T10:40:54","modified_gmt":"2026-04-14T08:40:54","slug":"a-propos-de-nous","status":"publish","type":"page","link":"https:\/\/swisstimberengineers.ch\/fr\/a-propos-de-nous\/","title":{"rendered":"\u00c0 propos de nous"},"content":{"rendered":"\n<h1>\n\t\t\tLa STE\t<\/h1>\n\tDepuis 1991, la STE est l&rsquo;association des ing\u00e9nieur\u2219e\u2219s du bois et des sp\u00e9cialistes qui s&rsquo;occupent et travaillent avec le mat\u00e9riau bois dans le domaine de l&rsquo;ing\u00e9nierie.<br \/>\n Les quelque 375 membres de la STE marquent l&rsquo;\u00e9conomie du bois en tant que dirigeant\u2219e\u2219s de mani\u00e8re d\u00e9terminante \u00e0 tous les niveaux : Dans la planification et le d\u00e9veloppement, la formation, la recherche, le commerce, le marketing ou la construction de bois et de meubles.<br \/>\nLa STE est une association sp\u00e9cialis\u00e9e de la SIA, au sein du groupe professionnel G\u00e9nie civil BGI et un membre de l&rsquo;association STV. En mati\u00e8re de recherche, la STE travaille en \u00e9troite collaboration avec S-WIN, BFH, Lignum, etc. La STE-AoC (Association of Construction), l&rsquo;association patronale des ing\u00e9nieur\u2219e\u2219s du bois, op\u00e8re \u00e9galement sous l&rsquo;\u00e9gide de la STE.\n\t<p>Au cours des derni\u00e8res ann\u00e9es, la STE est devenue l&rsquo;association professionnelle des ing\u00e9nieur\u2219e\u2219s du bois. De plus en plus, nous assumons d&rsquo;importantes t\u00e2ches de base et d&rsquo;int\u00e9r\u00eat dans le sens du mat\u00e9riau bois et de son d\u00e9veloppement.<\/p>\nLisez le dernier rapport annuel, consultez notre charte et voyez par vous-m\u00eame tout ce qu&rsquo;une adh\u00e9sion dans l&rsquo;esprit du bois peut vous apporter !<br \/>\nPour promouvoir le r\u00e9seau et l&rsquo;\u00e9change d&rsquo;exp\u00e9riences, le STE organise des \u00e9v\u00e8nements. Visitez nos formats holzTalk et mittagTalk. La participation \u00e0 ces \u00e9v\u00e9nements professionnels et de r\u00e9seautage est gratuite. Nous nous r\u00e9jouissons de vous accueillir lors de nos \u00e9v\u00e8nements.\n<p>Vous avez des questions ? Vous souhaitez devenir membre ou faire conna\u00eetre vos produits et services \u00e0 ce groupe de d\u00e9cideurs\u2219trices actif\u2219ve\u2219s dans toute la Suisse et nous soutenir ?<\/p>\n\t\t\t<a href=\"https:\/\/swisstimberengineers.ch\/wp-content\/uploads\/2024\/03\/Swiss_Timber_Engineers_Teaser-1.pdf\"  target=\"_blank\" rel=\"noopener\"    rel=\"noopener\">\n\t\t\t\t\t\t\tAper\u00e7u de la STE\n\t\t\t\t\t<\/a>\n\t\t\t<a href=\"mailto:info@swisstimberengineers.ch?subject=STE\"  target=\"_self\">\n\t\t\t\t\t\t\tContactez-nous !\n\t\t\t\t\t<\/a>\n<h2>\n\t\t\tOrganes\t<\/h2>\n<h2>\n\t\t\tMembres\t<\/h2>\n\t<p>Les ing\u00e9nieur\u2219e\u2219s du bois travaillent notamment dans des entreprises de construction en bois, de fabrication, de produits semi-finis et de commerce du bois, de fabrication de meubles et de fen\u00eatres, ainsi que dans l&rsquo;enseignement et la formation continue.<\/p>\n<ul>\n<li>Bureau d&rsquo;ing\u00e9nierie du bois \/ Bureau de physique du b\u00e2timent \/ Ing\u00e9nierie civile<\/li>\n<li>Industrie du bois \/ Commerce \/ Scierie<\/li>\n<li>Entreprises de construction en bois<\/li>\n<li>Menuiserie \/ Agencement de magasins \/ Fabrication de cuisines \/ Fen\u00eatres<\/li>\n<li>\u00c9cole sup\u00e9rieure \/ Etablissements d&rsquo;enseignement<\/li>\n<li>Bureaux d&rsquo;architecture \/ de planification<\/li>\n<li>Conseil \/ Logiciels \/ Fournisseurs<\/li>\n<li>Autres secteurs \/ associations<\/li>\n<li>\u00c9tudiants et \u00e9tudiantes<\/li>\n<\/ul>\n<figure itemscope itemtype=\"https:\/\/schema.org\/ImageObject\">\n\t\t\t\t<img decoding=\"async\" src=\"https:\/\/swisstimberengineers.ch\/wp-content\/uploads\/2021\/04\/Foehn_Luca.jpg\" alt=\"F\u00f6hn_Luca\" height=\"1399\" width=\"1149\" title=\"F\u00f6hn_Luca\" onerror=\"this.style.display='none'\" loading=\"lazy\" \/>\n\t<\/figure>\n\t<strong>Luca F\u00f6hn, pr\u00e9sident<\/strong><br \/>\nBSc PPM BFH<br \/>\nBORM INFORMATIK AG\n<figure itemscope itemtype=\"https:\/\/schema.org\/ImageObject\">\n\t\t\t\t<img decoding=\"async\" src=\"https:\/\/swisstimberengineers.ch\/wp-content\/uploads\/2021\/05\/Burgherr_Andreas.jpg\" alt=\"Burgherr_Andreas\" height=\"1024\" width=\"1024\" title=\"Burgherr_Andreas\" onerror=\"this.style.display='none'\" loading=\"lazy\" \/>\n\t<\/figure>\n\t<strong>Andreas Burgherr, vice-pr\u00e9sident<\/strong><br \/>\nIng\u00e9nieur ETS en construction bois<br \/>\nTimbatec ing\u00e9nieurs bois SA\n<figure itemscope itemtype=\"https:\/\/schema.org\/ImageObject\">\n\t\t\t\t<img decoding=\"async\" src=\"https:\/\/swisstimberengineers.ch\/wp-content\/uploads\/2026\/04\/Katharina-Lindenberg_GV2026_v3_Quadrat_sw.jpg\" alt=\"Katharina Lindenberg_GV2026_v3_Quadrat_sw\" height=\"446\" width=\"446\" title=\"Katharina Lindenberg_GV2026_v3_Quadrat_sw\" onerror=\"this.style.display='none'\" loading=\"lazy\" \/>\n\t<\/figure>\n\t<strong>Katharina Lindenberg, membre du comit\u00e9<\/strong><br \/>\nM. Arch., AADRL<br \/>\nBFH, Institut pour l&rsquo;\u00e9conomie num\u00e9rique du b\u00e2timent et du bois\n<figure itemscope itemtype=\"https:\/\/schema.org\/ImageObject\">\n\t\t\t\t<img decoding=\"async\" src=\"https:\/\/swisstimberengineers.ch\/wp-content\/uploads\/2025\/04\/AntoineMartin_Quadrat_sw_V1.jpg\" alt=\"AntoineMartin_Quadrat_sw_V1\" height=\"838\" width=\"838\" title=\"AntoineMartin_Quadrat_sw_V1\" onerror=\"this.style.display='none'\" loading=\"lazy\" \/>\n\t<\/figure>\n\t<strong>Antoine Martin, membre du comit\u00e9<\/strong><br \/>\nBSc TST BFH<br \/>\nBeaud Ing\u00e9nieurs Bois SA\n<figure itemscope itemtype=\"https:\/\/schema.org\/ImageObject\">\n\t\t\t\t<img decoding=\"async\" src=\"https:\/\/swisstimberengineers.ch\/wp-content\/uploads\/2021\/05\/Raeber_Alois.jpg\" alt=\"R\u00e4ber_Alois\" height=\"1024\" width=\"1024\" title=\"R\u00e4ber_Alois\" onerror=\"this.style.display='none'\" loading=\"lazy\" \/>\n\t<\/figure>\n\t<strong>Alois R\u00e4ber, membre du comit\u00e9<\/strong><br \/>\nBSc TST BFH<br \/>\nTimbatec ing\u00e9nieurs bois SA\n<figure itemscope itemtype=\"https:\/\/schema.org\/ImageObject\">\n\t\t\t\t<img decoding=\"async\" src=\"https:\/\/swisstimberengineers.ch\/wp-content\/uploads\/2026\/03\/2026-02-10_Silvan-Buergi_Foto_V1_Quadrat_sw.jpg\" alt=\"2026-02-10_Silvan-Bu\u0308rgi_Foto_V1_Quadrat_sw\" height=\"2450\" width=\"2450\" title=\"2026-02-10_Silvan-Bu\u0308rgi_Foto_V1_Quadrat_sw\" onerror=\"this.style.display='none'\" loading=\"lazy\" \/>\n\t<\/figure>\n\t<strong>Silvan B\u00fcrgi, repr\u00e9sentation \u00e9tudiante<\/strong><br \/>\n\u00c9tudiant BSc Technique du bois<br \/>\nPPM\n<figure itemscope itemtype=\"https:\/\/schema.org\/ImageObject\">\n\t\t\t\t<img decoding=\"async\" src=\"https:\/\/swisstimberengineers.ch\/wp-content\/uploads\/2022\/04\/Michael-Schaer-bw-q.jpg\" alt=\"Michael Sch\u00e4r bw q\" height=\"1024\" width=\"1024\" title=\"Michael Sch\u00e4r bw q\" onerror=\"this.style.display='none'\" loading=\"lazy\" \/>\n\t<\/figure>\n\t<strong>Michael Sch\u00e4r, membre du comit\u00e9<\/strong><br \/>\nBSc TST BFH<br \/>\nDirecteur de schaerholzbau sa\n<figure itemscope itemtype=\"https:\/\/schema.org\/ImageObject\">\n\t\t\t\t<img decoding=\"async\" src=\"https:\/\/swisstimberengineers.ch\/wp-content\/uploads\/2024\/12\/20240128_134925_RB_gespiegelt_zugeschnitten_Filter-Strasse.jpg\" alt=\"20240128_134925_RB_gespiegelt_zugeschnitten_Filter Strasse\" height=\"2202\" width=\"2202\" title=\"20240128_134925_RB_gespiegelt_zugeschnitten_Filter Strasse\" onerror=\"this.style.display='none'\" loading=\"lazy\" \/>\n\t<\/figure>\n\t<strong>Ren\u00e9 Brandt, secr\u00e9tariat<\/strong><br \/>\nComptabilit\u00e9\n<figure itemscope itemtype=\"https:\/\/schema.org\/ImageObject\">\n\t\t\t\t<img decoding=\"async\" src=\"https:\/\/swisstimberengineers.ch\/wp-content\/uploads\/2022\/04\/Thomas-Arnold-bw.jpeg\" alt=\"Thomas Arnold bw\" height=\"1024\" width=\"1024\" title=\"Thomas Arnold bw\" onerror=\"this.style.display='none'\" loading=\"lazy\" \/>\n\t<\/figure>\n\t<strong>Thomas Arnold, membre du comit\u00e9<\/strong><br \/>\nBSc BFH PCM<br \/>\nConseiller d&rsquo;entreprise ind\u00e9pendant\n<figure itemscope itemtype=\"https:\/\/schema.org\/ImageObject\">\n\t\t\t\t<img decoding=\"async\" src=\"https:\/\/swisstimberengineers.ch\/wp-content\/uploads\/2024\/12\/Jacqueline-Kuhn_Filter-Strasse_fuer-STE-zugeschnitten.jpg\" alt=\"Jacqueline-Kuhn_Filter Strasse_f\u00fcr STE-zugeschnitten\" height=\"402\" width=\"402\" title=\"Jacqueline-Kuhn_Filter Strasse_f\u00fcr STE-zugeschnitten\" onerror=\"this.style.display='none'\" loading=\"lazy\" \/>\n\t<\/figure>\n\t<strong>Jacqueline Kuhn, secr\u00e9tariat<br \/>\n<\/strong>Administration\n<figure itemscope itemtype=\"https:\/\/schema.org\/ImageObject\">\n\t\t\t\t<img decoding=\"async\" src=\"https:\/\/swisstimberengineers.ch\/wp-content\/uploads\/2026\/03\/2026-02-17_Felix-Egger-Portrait_V1_Quadrat_sw.jpg\" alt=\"2026-02-17_Felix Egger Portrait_V1_Quadrat_sw\" height=\"2009\" width=\"2009\" title=\"2026-02-17_Felix Egger Portrait_V1_Quadrat_sw\" onerror=\"this.style.display='none'\" loading=\"lazy\" \/>\n\t<\/figure>\n\t<strong>Felix Egger, repr\u00e9sentation \u00e9tudiante <\/strong><br \/>\n\u00c9tudiant BSc Technique du bois<br \/>\nTST\n<h2>\n\t\t\tBureau\t<\/h2>\n\tSwiss Timber Engineers STE<br \/>\nM\u00fchlebachstrasse 8, CH-8008 Zurich\nRen\u00e9 Brandt<br \/>\nT\u00e9l : +41 44 267 47 77<br \/>\n<a href=\"mailto:info@swisstimberengineers.ch\">info@swisstimberengineers.ch<\/a>\n<h2>\n\t\t\tCharte et statuts\t<\/h2>\n\t<h4><a href=\"https:\/\/swisstimberengineers.ch\/wp-content\/uploads\/2021\/04\/STE-Leitbild.pdf\" target=\"_blank\" rel=\"noopener\">FICHE G\u00c9N\u00c9RALE<\/a><\/h4>\n<h4><a href=\"https:\/\/swisstimberengineers.ch\/wp-content\/uploads\/2023\/03\/STE-Statuten_2023_rev.pdf\" target=\"_blank\" rel=\"noopener\">STATUTS<\/a><\/h4>\n<h4><a href=\"https:\/\/swisstimberengineers.ch\/wp-content\/uploads\/2025\/11\/Booklet_Leistungspartner_STE_Version_V25-11.pdf\" target=\"_blank\" rel=\"noopener\">LIVRET PARTENAIRES DE PERFORMANCE<\/a><\/h4>\n<h2>\n\t\t\tRapport annuel\t<\/h2>\n\t<p>Vous trouverez ici les rapports annuels du pr\u00e9sident avec toutes les donn\u00e9es de r\u00e9f\u00e9rence importantes ainsi que nos projets :<\/p>\n\t<h4><a href=\"https:\/\/swisstimberengineers.ch\/wp-content\/uploads\/2026\/04\/Jahresbericht_STE_2025_GV2026.pdf\" target=\"_blank\" rel=\"noopener\">RAPPORT ANNUEL 2025<\/a><\/h4>\n<h4><a href=\"https:\/\/swisstimberengineers.ch\/wp-content\/uploads\/2025\/04\/Jahresbericht_STE_2024_GV2025.pdf\" target=\"_blank\" rel=\"noopener\">RAPPORT ANNUEL 2024<\/a><\/h4>\n<h4><a href=\"https:\/\/swisstimberengineers.ch\/wp-content\/uploads\/2024\/01\/Jahresbericht_STE_2024.pdf\" target=\"_blank\" rel=\"noopener\">RAPPORT ANNUEL 2023<\/a><\/h4>\n<h4><a href=\"https:\/\/swisstimberengineers.ch\/wp-content\/uploads\/2023\/04\/Jahresbericht_STE_2022_rev.pdf\" target=\"_blank\" rel=\"noopener\">RAPPORT ANNUEL 2022<\/a><\/h4>\n<h4><a href=\"https:\/\/swisstimberengineers.ch\/wp-content\/uploads\/2022\/03\/Jahresbericht_STE_2021.pdf\" target=\"_blank\" rel=\"noopener\">RAPPORT ANNUEL 2021<\/a><\/h4>\n<h4><a href=\"https:\/\/swisstimberengineers.ch\/wp-content\/uploads\/2021\/04\/Jahresbericht_STE_2020.pdf\">RAPPORT ANNUEL 2020<\/a><\/h4>\n<h4><a href=\"https:\/\/swisstimberengineers.ch\/wp-content\/uploads\/2021\/04\/Jahresbericht_STE_2019.pdf\" target=\"_blank\" rel=\"noopener\">RAPPORT ANNUEL 2019<\/a><\/h4>\n<h4><a href=\"https:\/\/swisstimberengineers.ch\/wp-content\/uploads\/2021\/04\/Jahresbericht_STE_2018.pdf\" target=\"_blank\" rel=\"noopener\">RAPPORT ANNUEL 2018<\/a><\/h4>\n<h4><a href=\"https:\/\/swisstimberengineers.ch\/wp-content\/uploads\/2021\/04\/Jahresbericht_STE_2017.pdf\" target=\"_blank\" rel=\"noopener\">RAPPORT ANNUEL 2017<\/a><\/h4>\n<h4><a href=\"https:\/\/swisstimberengineers.ch\/wp-content\/uploads\/2021\/04\/Jahresbericht_STE_2016.pdf\" target=\"_blank\" rel=\"noopener\">RAPPORT ANNUEL 2016<\/a><\/h4>\n\t<p>&nbsp;<\/p>\n<p>&nbsp;<\/p>\n\n","protected":false},"excerpt":{"rendered":"<p>La STE Depuis 1991, la STE est l&rsquo;association des ing\u00e9nieur\u2219e\u2219s du bois et des sp\u00e9cialistes qui s&rsquo;occupent et travaillent avec le mat\u00e9riau bois dans le domaine de l&rsquo;ing\u00e9nierie. Les quelque 375 membres de la STE marquent l&rsquo;\u00e9conomie du bois en tant que dirigeant\u2219e\u2219s de mani\u00e8re d\u00e9terminante \u00e0 tous les niveaux : Dans la planification et [&hellip;]<\/p>\n","protected":false},"author":1,"featured_media":0,"parent":0,"menu_order":1,"comment_status":"closed","ping_status":"closed","template":"","meta":{"site-sidebar-layout":"default","site-content-layout":"default","ast-site-content-layout":"default","site-content-style":"default","site-sidebar-style":"default","ast-global-header-display":"","ast-banner-title-visibility":"","ast-main-header-display":"","ast-hfb-above-header-display":"","ast-hfb-below-header-display":"","ast-hfb-mobile-header-display":"","site-post-title":"disabled","ast-breadcrumbs-content":"","ast-featured-img":"","footer-sml-layout":"","ast-disable-related-posts":"","theme-transparent-header-meta":"default","adv-header-id-meta":"","stick-header-meta":"","header-above-stick-meta":"","header-main-stick-meta":"","header-below-stick-meta":"","astra-migrate-meta-layouts":"set","ast-page-background-enabled":"default","ast-page-background-meta":{"desktop":{"background-color":"","background-image":"","background-repeat":"repeat","background-position":"center center","background-size":"auto","background-attachment":"scroll","background-type":"","background-media":"","overlay-type":"","overlay-color":"","overlay-opacity":"","overlay-gradient":""},"tablet":{"background-color":"","background-image":"","background-repeat":"repeat","background-position":"center center","background-size":"auto","background-attachment":"scroll","background-type":"","background-media":"","overlay-type":"","overlay-color":"","overlay-opacity":"","overlay-gradient":""},"mobile":{"background-color":"","background-image":"","background-repeat":"repeat","background-position":"center center","background-size":"auto","background-attachment":"scroll","background-type":"","background-media":"","overlay-type":"","overlay-color":"","overlay-opacity":"","overlay-gradient":""}},"ast-content-background-meta":{"desktop":{"background-color":"var(--ast-global-color-5)","background-image":"","background-repeat":"repeat","background-position":"center center","background-size":"auto","background-attachment":"scroll","background-type":"","background-media":"","overlay-type":"","overlay-color":"","overlay-opacity":"","overlay-gradient":""},"tablet":{"background-color":"var(--ast-global-color-5)","background-image":"","background-repeat":"repeat","background-position":"center center","background-size":"auto","background-attachment":"scroll","background-type":"","background-media":"","overlay-type":"","overlay-color":"","overlay-opacity":"","overlay-gradient":""},"mobile":{"background-color":"var(--ast-global-color-5)","background-image":"","background-repeat":"repeat","background-position":"center center","background-size":"auto","background-attachment":"scroll","background-type":"","background-media":"","overlay-type":"","overlay-color":"","overlay-opacity":"","overlay-gradient":""}},"footnotes":""},"class_list":["post-2697","page","type-page","status-publish","hentry"],"_links":{"self":[{"href":"https:\/\/swisstimberengineers.ch\/fr\/wp-json\/wp\/v2\/pages\/2697","targetHints":{"allow":["GET"]}}],"collection":[{"href":"https:\/\/swisstimberengineers.ch\/fr\/wp-json\/wp\/v2\/pages"}],"about":[{"href":"https:\/\/swisstimberengineers.ch\/fr\/wp-json\/wp\/v2\/types\/page"}],"author":[{"embeddable":true,"href":"https:\/\/swisstimberengineers.ch\/fr\/wp-json\/wp\/v2\/users\/1"}],"replies":[{"embeddable":true,"href":"https:\/\/swisstimberengineers.ch\/fr\/wp-json\/wp\/v2\/comments?post=2697"}],"version-history":[{"count":1,"href":"https:\/\/swisstimberengineers.ch\/fr\/wp-json\/wp\/v2\/pages\/2697\/revisions"}],"predecessor-version":[{"id":3875,"href":"https:\/\/swisstimberengineers.ch\/fr\/wp-json\/wp\/v2\/pages\/2697\/revisions\/3875"}],"wp:attachment":[{"href":"https:\/\/swisstimberengineers.ch\/fr\/wp-json\/wp\/v2\/media?parent=2697"}],"curies":[{"name":"wp","href":"https:\/\/api.w.org\/{rel}","templated":true}]}}