{"id":2707,"date":"2020-12-22T18:48:40","date_gmt":"2020-12-22T17:48:40","guid":{"rendered":"https:\/\/swisstimberengineers.ch\/services\/"},"modified":"2025-11-25T16:36:02","modified_gmt":"2025-11-25T15:36:02","slug":"services","status":"publish","type":"page","link":"https:\/\/swisstimberengineers.ch\/fr\/services\/","title":{"rendered":"Services"},"content":{"rendered":"\n<h2>\n\t\t\tServices\t<\/h2>\n\t\t\t\t<img decoding=\"async\" src=\"https:\/\/swisstimberengineers.ch\/wp-content\/uploads\/2021\/11\/Sprechblasen_STE-05.jpg\" alt=\"Sprechblasen_STE-05\" itemprop=\"image\" height=\"205\" width=\"309\" title=\"Sprechblasen_STE-05\" onerror=\"this.style.display='none'\" loading=\"lazy\" \/>\n<h2>\n\t\t\tholzTalk\t<\/h2>\n\tApprendre et r\u00e9seauter : C&rsquo;est ce que propose <strong>holzTalk.<\/strong><br \/>\nLes <strong>holzTalk<\/strong> ont lieu 4-6 fois par an. Un conf\u00e9rencier ou une conf\u00e9renci\u00e8re introduit \u00e0 chaque fois un th\u00e8me. Ensuite, une discussion ouverte a lieu, suivie d&rsquo;une visite d&rsquo;entreprise ou d&rsquo;une visite de chantier passionnante et d&rsquo;un ap\u00e9ritif. La participation est gratuite. Nous nous r\u00e9jouissons de vous accueillir prochainement \u00e0 un <strong>holzTalk<\/strong>.\n\t\t\t\t<img decoding=\"async\" src=\"https:\/\/swisstimberengineers.ch\/wp-content\/uploads\/2021\/11\/Sprechblasen_STE-06.jpg\" alt=\"Sprechblasen_STE-06\" itemprop=\"image\" height=\"205\" width=\"309\" title=\"Sprechblasen_STE-06\" onerror=\"this.style.display='none'\" loading=\"lazy\" \/>\n<h2>\n\t\t\tmittagsTalk\t<\/h2>\n\t<p>Le <strong>mittagsTalk<\/strong> est une rencontre informelle \u00e0 midi entre les membres de la STE. Elle a lieu aux r\u00e9gions et est toujours accompagn\u00e9 d&rsquo;un bref expos\u00e9, par exemple sur un projet int\u00e9ressant d&rsquo;un partenaire. Les membres de la STE et les invit\u00e9\u2219e\u2219s discutent de mani\u00e8re informelle et \u00e9changent des informations actuelles.<\/p>\n\t\t\t\t<img decoding=\"async\" src=\"https:\/\/swisstimberengineers.ch\/wp-content\/uploads\/2021\/11\/Sprechblasen_STE_Zeichenflaeche-1-Kopie.jpg\" alt=\"Sprechblasen_STE_Zeichenfl\u00e4che 1 Kopie\" itemprop=\"image\" height=\"205\" width=\"309\" title=\"Sprechblasen_STE_Zeichenfl\u00e4che 1 Kopie\" onerror=\"this.style.display='none'\" loading=\"lazy\" \/>\n<h2>\n\t\t\tdigitalTalk\t<\/h2>\n\t<p>L&rsquo;apprentissage \u00e0 l&rsquo;\u00e8re du num\u00e9rique s&rsquo;appelle chez nous <strong>digitalTalk. <\/strong>Un\u2219e expert\u2219e pr\u00e9sente un sujet et partage ses connaissances sp\u00e9cifiques. Ensuite, une discussion ouverte est organis\u00e9e sur le sujet. Vous pouvez participer \u00e0 l&rsquo;\u00e9v\u00e9nement en ligne depuis les endroits les plus recul\u00e9s, m\u00eame en dehors de la Suisse. Nous nous r\u00e9jouissons de vous accueillir bient\u00f4t au prochain <strong>digitalTalk<\/strong>.   <\/p>\n\t\t\t\t<img decoding=\"async\" src=\"https:\/\/swisstimberengineers.ch\/wp-content\/uploads\/2021\/11\/Sprechblasen_STE_Zeichenflaeche-1-Kopie-2.jpg\" alt=\"Sprechblasen_STE_Zeichenfl\u00e4che 1 Kopie 2\" itemprop=\"image\" height=\"205\" width=\"309\" title=\"Sprechblasen_STE_Zeichenfl\u00e4che 1 Kopie 2\" onerror=\"this.style.display='none'\" loading=\"lazy\" \/>\n<h2>\n\t\t\tSTEforum\t<\/h2>\n\t<p>Les principaux bureaux d&rsquo;ing\u00e9nierie de la construction en bois se rencontrent chaque ann\u00e9e au <strong>STE-forum<\/strong> et traitent ensuite de sujets cibl\u00e9s dans des groupes de travail et lors de plusieurs r\u00e9unions. C&rsquo;est de l\u00e0 que naissent, entre autres, nos Compacts fond\u00e9s et utiles. Le rayonnement et l&rsquo;importance de ce groupe se refl\u00e8tent dans les projets communs les plus r\u00e9cents avec le plan d&rsquo;action bois de l&rsquo;OFEV.  <\/p>\n\t\t\t\t<img decoding=\"async\" src=\"https:\/\/swisstimberengineers.ch\/wp-content\/uploads\/2021\/11\/Sprechblasen_STE_Zeichenflaeche-1.jpg\" alt=\"Sprechblasen_STE_Zeichenfl\u00e4che 1\" itemprop=\"image\" height=\"205\" width=\"309\" title=\"Sprechblasen_STE_Zeichenfl\u00e4che 1\" onerror=\"this.style.display='none'\" loading=\"lazy\" \/>\n<h2>\n\t\t\tSTEnetWORK\t<\/h2>\n\t<p>Le secteur de la fabrication de la fili\u00e8re bois se r\u00e9unit chaque ann\u00e9e au sein du groupe STE-netWork et travaille sur des th\u00e8mes cibl\u00e9s. Ce projet est actuellement en phase de lancement.<\/p>\n<h2>\n\t\t\tAutres services du STE\t<\/h2>\n<h2>\n\t\t\tAssociation de soutien de Lignum \u00c9conomie suisse du bois\t<\/h2>\n\t<p>Gr\u00e2ce \u00e0 l&rsquo;association professionnelle <strong>STE-AoC<\/strong> (Association of Construction), nous exer\u00e7ons une influence directe au plus haut niveau de la fili\u00e8re bois ainsi qu&rsquo;au niveau politique.<\/p>\n<h2>\n\t\t\tSIA BGI\t<\/h2>\n\t<p>En tant qu&rsquo;association professionnelle de la SIA, la STE repr\u00e9sente les int\u00e9r\u00eats au sein du <strong>conseil professionnel des<\/strong> <strong>ing\u00e9nieur\u2219e\u2219s<\/strong> dans les domaines de la formation, de l&rsquo;\u00e9nergie et des ressources, des normes, de la culture de la s\u00e9curit\u00e9 et bien plus encore.<\/p>\n<h2>\n\t\t\tMembre de l&rsquo;association STV\t<\/h2>\n\t<p>En tant que membre de l&rsquo;association <strong>Swiss Engineering UTS<\/strong>, nous repr\u00e9sentons activement les pr\u00e9occupations g\u00e9n\u00e9rales des ing\u00e9nieur\u2219e\u2219s.<\/p>\n<h2>\n\t\t\tSTE forums\t<\/h2>\n\tNous travaillons de mani\u00e8re cibl\u00e9e sur des th\u00e8mes sp\u00e9cifiques \u00e0 notre secteur au sein de diff\u00e9rents <strong>groupes de travail<\/strong>.<br \/>\nDivers projets ont d\u00e9j\u00e0 \u00e9t\u00e9 lanc\u00e9s en collaboration avec la HESB, l&rsquo;EMPA et d&rsquo;autres institutions. \n<h2>\n\t\t\tBureau des normes\t<\/h2>\n\t<p>Regroupement actif des associations Lignum pour l&rsquo;\u00e9laboration commune de <strong>consultations<\/strong>.<\/p>\n<h2>\n\t\t\tComit\u00e9 consultatif BFH Bois\t<\/h2>\n\t<p>Au sein du <strong>conseil strat\u00e9gique<\/strong> de la Haute \u00e9cole sp\u00e9cialis\u00e9e bernoise de Bienne, nous nous engageons \u00e0 d\u00e9fendre les int\u00e9r\u00eats des ing\u00e9nieur\u2219e\u2219s du bois.<\/p>\n\n","protected":false},"excerpt":{"rendered":"<p>Services holzTalk Apprendre et r\u00e9seauter : C&rsquo;est ce que propose holzTalk. Les holzTalk ont lieu 4-6 fois par an. Un conf\u00e9rencier ou une conf\u00e9renci\u00e8re introduit \u00e0 chaque fois un th\u00e8me. Ensuite, une discussion ouverte a lieu, suivie d&rsquo;une visite d&rsquo;entreprise ou d&rsquo;une visite de chantier passionnante et d&rsquo;un ap\u00e9ritif. La participation est gratuite. Nous nous [&hellip;]<\/p>\n","protected":false},"author":3,"featured_media":0,"parent":0,"menu_order":1,"comment_status":"closed","ping_status":"closed","template":"","meta":{"site-sidebar-layout":"default","site-content-layout":"default","ast-site-content-layout":"default","site-content-style":"default","site-sidebar-style":"default","ast-global-header-display":"","ast-banner-title-visibility":"","ast-main-header-display":"","ast-hfb-above-header-display":"","ast-hfb-below-header-display":"","ast-hfb-mobile-header-display":"","site-post-title":"disabled","ast-breadcrumbs-content":"","ast-featured-img":"","footer-sml-layout":"","ast-disable-related-posts":"","theme-transparent-header-meta":"default","adv-header-id-meta":"","stick-header-meta":"default","header-above-stick-meta":"","header-main-stick-meta":"","header-below-stick-meta":"","astra-migrate-meta-layouts":"default","ast-page-background-enabled":"default","ast-page-background-meta":{"desktop":{"background-color":"","background-image":"","background-repeat":"repeat","background-position":"center center","background-size":"auto","background-attachment":"scroll","background-type":"","background-media":"","overlay-type":"","overlay-color":"","overlay-opacity":"","overlay-gradient":""},"tablet":{"background-color":"","background-image":"","background-repeat":"repeat","background-position":"center center","background-size":"auto","background-attachment":"scroll","background-type":"","background-media":"","overlay-type":"","overlay-color":"","overlay-opacity":"","overlay-gradient":""},"mobile":{"background-color":"","background-image":"","background-repeat":"repeat","background-position":"center center","background-size":"auto","background-attachment":"scroll","background-type":"","background-media":"","overlay-type":"","overlay-color":"","overlay-opacity":"","overlay-gradient":""}},"ast-content-background-meta":{"desktop":{"background-color":"var(--ast-global-color-5)","background-image":"","background-repeat":"repeat","background-position":"center center","background-size":"auto","background-attachment":"scroll","background-type":"","background-media":"","overlay-type":"","overlay-color":"","overlay-opacity":"","overlay-gradient":""},"tablet":{"background-color":"var(--ast-global-color-5)","background-image":"","background-repeat":"repeat","background-position":"center center","background-size":"auto","background-attachment":"scroll","background-type":"","background-media":"","overlay-type":"","overlay-color":"","overlay-opacity":"","overlay-gradient":""},"mobile":{"background-color":"var(--ast-global-color-5)","background-image":"","background-repeat":"repeat","background-position":"center center","background-size":"auto","background-attachment":"scroll","background-type":"","background-media":"","overlay-type":"","overlay-color":"","overlay-opacity":"","overlay-gradient":""}},"footnotes":""},"class_list":["post-2707","page","type-page","status-publish","hentry"],"_links":{"self":[{"href":"https:\/\/swisstimberengineers.ch\/fr\/wp-json\/wp\/v2\/pages\/2707","targetHints":{"allow":["GET"]}}],"collection":[{"href":"https:\/\/swisstimberengineers.ch\/fr\/wp-json\/wp\/v2\/pages"}],"about":[{"href":"https:\/\/swisstimberengineers.ch\/fr\/wp-json\/wp\/v2\/types\/page"}],"author":[{"embeddable":true,"href":"https:\/\/swisstimberengineers.ch\/fr\/wp-json\/wp\/v2\/users\/3"}],"replies":[{"embeddable":true,"href":"https:\/\/swisstimberengineers.ch\/fr\/wp-json\/wp\/v2\/comments?post=2707"}],"version-history":[{"count":1,"href":"https:\/\/swisstimberengineers.ch\/fr\/wp-json\/wp\/v2\/pages\/2707\/revisions"}],"predecessor-version":[{"id":3617,"href":"https:\/\/swisstimberengineers.ch\/fr\/wp-json\/wp\/v2\/pages\/2707\/revisions\/3617"}],"wp:attachment":[{"href":"https:\/\/swisstimberengineers.ch\/fr\/wp-json\/wp\/v2\/media?parent=2707"}],"curies":[{"name":"wp","href":"https:\/\/api.w.org\/{rel}","templated":true}]}}