{"id":2708,"date":"2020-12-22T18:59:34","date_gmt":"2020-12-22T17:59:34","guid":{"rendered":"https:\/\/swisstimberengineers.ch\/adhesion\/"},"modified":"2025-11-26T09:16:19","modified_gmt":"2025-11-26T08:16:19","slug":"adhesion","status":"publish","type":"page","link":"https:\/\/swisstimberengineers.ch\/fr\/adhesion\/","title":{"rendered":"Adh\u00e9sion"},"content":{"rendered":"\n<h2>\n\t\t\tDans l&rsquo;esprit du bois &#8211; L&rsquo;adh\u00e9sion \u00e0 la STE\t<\/h2>\n\t\u00ab\u00a0La STE a d\u00e9sormais une grande influence dans son champ d&rsquo;action au sein de la fili\u00e8re bois.<br \/>\nNous souhaitons l&rsquo;utiliser davantage \u00e0 l&rsquo;avenir afin de cr\u00e9er les meilleures conditions pour notre mat\u00e9riau \u00e0 tous les niveaux\u00a0\u00bb. <strong><br \/>\n<\/strong>Luca F\u00f6hn, pr\u00e9sident de STE\n\t<p>Le STE propose quatre types d&rsquo;adh\u00e9sion :  <\/p>\n<ul>\n<li>Adh\u00e9sion individuelle pour les personnes<\/li>\n<li>adh\u00e9sion gratuite pour les \u00e9tudiants<\/li>\n<li>Partenariat de performance pour les entreprises<\/li>\n<li>Adh\u00e9sion au STE-AoC (Association of Construction) pour les bureaux d&rsquo;ing\u00e9nierie bois<\/li>\n<\/ul>\n\t<p>Le STE a des objectifs ambitieux que nous sommes heureux de poursuivre avec vous.  <\/p>\n<ul>\n<li>Les meilleures bases et conditions possibles pour notre mat\u00e9riau, le bois<\/li>\n<li>R\u00e9seau couvrant l&rsquo;ensemble de la cha\u00eene de valeur pour garantir le savoir-faire du bois sur l&rsquo;ensemble du territoire<\/li>\n<li>Perception active de la profession et promotion de la rel\u00e8ve, ainsi que renforcement des liens avec l&rsquo;industrie<\/li>\n<li>Diversit\u00e9 &#8211; connexion et \u00e9change comme \u00e9l\u00e9ment central pour un d\u00e9veloppement innovant du secteur<\/li>\n<\/ul>\n\t\t\t<a href=\"https:\/\/swisstimberengineers.ch\/wp-content\/uploads\/2024\/03\/Swiss_Timber_Engineers_Teaser-1.pdf\" target=\"_blank\" rel=\"noopener\">\n\t\t\t\t\t\t\tAper\u00e7u de STE\n\t\t\t\t\t<\/a>\n<h2>\n\t\t\tAdh\u00e9sion individuelle STE pour les personnes\t<\/h2>\n\t<p>Nous serions ravis si vous aussi, en devenant membre de la STE, vous contribuiez au d\u00e9veloppement de la fili\u00e8re bois tout en en tirant profit.  <\/p>\n<ul>\n<li>Acc\u00e8s au r\u00e9seau en bois<\/li>\n<li>divers \u00e9v\u00e9nements avec des expos\u00e9s d&rsquo;introduction<\/li>\n<li>Revue Lignarius<\/li>\n<li>Bulletin (lettre d&rsquo;information par courrier \u00e9lectronique)<\/li>\n<li>Invitations \u00e0 divers \u00e9v\u00e9nements<\/li>\n<li>Possibilit\u00e9 de participer \u00e0 des forums<\/li>\n<li>autres offres vari\u00e9es du STE<\/li>\n<li>Soutien \u00e0 la promotion cibl\u00e9e de la fili\u00e8re bois<\/li>\n<\/ul>\n<p>  Inscrivez-vous maintenant.<\/p>\n\t\t\t<a href=\"https:\/\/swisstimberengineers.ch\/fr\/inscription_membre_individuel\/\" target=\"_blank\" rel=\"noopener\">\n\t\t\t\t\t\t\tInscription membre individuel\n\t\t\t\t\t<\/a>\n<h2>\n\t\t\tAdh\u00e9sion des \u00e9tudiants\t<\/h2>\n\t<strong>Adh\u00e9sion gratuite<\/strong> des <strong>\u00e9tudiants<\/strong> pour les futurs ing\u00e9nieurs du bois.<br \/>\nParticipation \u00e0 nos \u00e9v\u00e9nements passionnants, parfait aper\u00e7u et entr\u00e9e en mati\u00e8re dans notre secteur.<br \/>\nL&rsquo;adresse pour les stages ou les offres d&#8217;emploi sous le radar.    \n<ul>\n<li>D\u00e9couvrez le monde des ing\u00e9nieurs du bois<\/li>\n<li>A la rencontre des sp\u00e9cialistes<\/li>\n<li>Un r\u00e9seau unique qui vous fait progresser<\/li>\n<li>\u00c9v\u00e9nements multith\u00e9matiques instructifs<\/li>\n<li>Visites de projets<\/li>\n<li>Visites guid\u00e9es de l&rsquo;usine<\/li>\n<li>Expos\u00e9s d&rsquo;introduction &amp; ateliers<\/li>\n<li>\u00c9changes et discussions<\/li>\n<\/ul>\n\t\t\t<a href=\"https:\/\/swisstimberengineers.ch\/fr\/inscription_membre_etudiant\/\" target=\"_blank\" rel=\"noopener\">\n\t\t\t\t\t\t\tInscription Membre \u00e9tudiant\n\t\t\t\t\t<\/a>\n<h2>\n\t\t\tL&rsquo;adh\u00e9sion \u00e0 STE-Aoc FIRMEN.\t<\/h2>\n\tLe bois est de plus en plus important dans notre environnement b\u00e2ti.<br \/>\nLa responsabilit\u00e9 qui en d\u00e9coule augmente \u00e9galement.<br \/>\nTant vis-\u00e0-vis de l&rsquo;\u00e9conomie foresti\u00e8re et du bois que vis-\u00e0-vis des ma\u00eetres d&rsquo;ouvrage et de nos collaborateurs.<br \/>\nNous voulons les assumer ensemble.<br \/>\nPour cela, rejoignez notre r\u00e9seau d&rsquo;entreprises de planification dans le domaine de la construction en bois.<br \/>\nPrestations pour les entreprises membres :\n<ul>\n<li>Les m\u00eames que pour les membres individuels<\/li>\n<li>Acc\u00e8s et possibilit\u00e9 de participer directement \u00e0 des projets de recherche<\/li>\n<li>Possibilit\u00e9 de participer aux groupes de travail th\u00e9matiques du STE-AoC sur les th\u00e8mes de la technique, de l&rsquo;\u00e9ducation, de la profession et de l&rsquo;environnement.<\/li>\n<li>Possibilit\u00e9 d&rsquo;introduire des sujets qui devraient \u00eatre trait\u00e9s dans des groupes de travail ou un projet de recherche.<\/li>\n<li>Logo sur la page d&rsquo;accueil et dans le Lignarius<\/li>\n<\/ul>\n\t\t\t<a href=\"https:\/\/swisstimberengineers.ch\/wp-content\/uploads\/2024\/02\/Statuts_STE-AoC.pdf\" target=\"_self\">\n\t\t\t\t\t\t\tStatuts\n\t\t\t\t\t<\/a>\n\t\t\t<a href=\"https:\/\/swisstimberengineers.ch\/wp-content\/uploads\/2024\/02\/Beitragsreglement_STE-AoC.pdf\" target=\"_self\">\n\t\t\t\t\t\t\tBeitragsreglement (de)\n\t\t\t\t\t<\/a>\n\t\t\t<a href=\"https:\/\/swisstimberengineers.ch\/wp-content\/uploads\/2024\/02\/STE-AoC-Formulaire-dadhesion.pdf\" target=\"_self\">\n\t\t\t\t\t\t\tFormulaire d&rsquo;adh\u00e9sion STE-AoC\n\t\t\t\t\t<\/a>\n<h2>\n\t\t\tPartenaires de performance STE\t<\/h2>\n\tFaites-vous conna\u00eetre parmi les ing\u00e9nieurs du bois.<br \/>\nUtilisez le r\u00e9seau du STE pour apporter vos services directement au secteur du bois ou pour profiter du savoir-faire du r\u00e9seau.<br \/>\nLes sp\u00e9cialistes \u00e0 votre port\u00e9e de mani\u00e8re simple, directe et \u00e9conomique !\n<ul>\n<li>Pr\u00e9sentez votre entreprise et vos produits, par exemple lors de l&rsquo;AG ou en tant que partenaire lors d&rsquo;un holzTalk.<\/li>\n<li>Augmentez votre notori\u00e9t\u00e9 et votre profil en apparaissant dans le magazine de nos membres, le Lignarius et les publications sur le Web.<\/li>\n<li>Profitez de l&rsquo;acc\u00e8s au r\u00e9seau sur l&rsquo;ensemble de la cha\u00eene de valeur du bois.<\/li>\n<\/ul>\n<p>Consultez le <a href=\"https:\/\/swisstimberengineers.ch\/wp-content\/uploads\/2025\/11\/Booklet_Leistungspartner_STE_Version_V25-11.pdf\"><strong>Liste des services STE<\/strong><\/a> pour plus d&rsquo;informations ou contactez directement notre bureau.<\/p>\n\t\t\t<a href=\"https:\/\/swisstimberengineers.ch\/fr\/inscription_partenaires-de-prestations\/\" target=\"_blank\" rel=\"noopener\">\n\t\t\t\t\t\t\tInscription Partenaires de performance\n\t\t\t\t\t<\/a>\n\n","protected":false},"excerpt":{"rendered":"<p>Dans l&rsquo;esprit du bois &#8211; L&rsquo;adh\u00e9sion \u00e0 la STE \u00ab\u00a0La STE a d\u00e9sormais une grande influence dans son champ d&rsquo;action au sein de la fili\u00e8re bois. Nous souhaitons l&rsquo;utiliser davantage \u00e0 l&rsquo;avenir afin de cr\u00e9er les meilleures conditions pour notre mat\u00e9riau \u00e0 tous les niveaux\u00a0\u00bb. Luca F\u00f6hn, pr\u00e9sident de STE Le STE propose quatre types [&hellip;]<\/p>\n","protected":false},"author":3,"featured_media":0,"parent":0,"menu_order":1,"comment_status":"closed","ping_status":"closed","template":"","meta":{"site-sidebar-layout":"default","site-content-layout":"default","ast-site-content-layout":"default","site-content-style":"default","site-sidebar-style":"default","ast-global-header-display":"","ast-banner-title-visibility":"","ast-main-header-display":"","ast-hfb-above-header-display":"","ast-hfb-below-header-display":"","ast-hfb-mobile-header-display":"","site-post-title":"disabled","ast-breadcrumbs-content":"","ast-featured-img":"","footer-sml-layout":"","ast-disable-related-posts":"","theme-transparent-header-meta":"default","adv-header-id-meta":"","stick-header-meta":"default","header-above-stick-meta":"","header-main-stick-meta":"","header-below-stick-meta":"","astra-migrate-meta-layouts":"set","ast-page-background-enabled":"default","ast-page-background-meta":{"desktop":{"background-color":"","background-image":"","background-repeat":"repeat","background-position":"center center","background-size":"auto","background-attachment":"scroll","background-type":"","background-media":"","overlay-type":"","overlay-color":"","overlay-opacity":"","overlay-gradient":""},"tablet":{"background-color":"","background-image":"","background-repeat":"repeat","background-position":"center center","background-size":"auto","background-attachment":"scroll","background-type":"","background-media":"","overlay-type":"","overlay-color":"","overlay-opacity":"","overlay-gradient":""},"mobile":{"background-color":"","background-image":"","background-repeat":"repeat","background-position":"center center","background-size":"auto","background-attachment":"scroll","background-type":"","background-media":"","overlay-type":"","overlay-color":"","overlay-opacity":"","overlay-gradient":""}},"ast-content-background-meta":{"desktop":{"background-color":"var(--ast-global-color-5)","background-image":"","background-repeat":"repeat","background-position":"center center","background-size":"auto","background-attachment":"scroll","background-type":"","background-media":"","overlay-type":"","overlay-color":"","overlay-opacity":"","overlay-gradient":""},"tablet":{"background-color":"var(--ast-global-color-5)","background-image":"","background-repeat":"repeat","background-position":"center center","background-size":"auto","background-attachment":"scroll","background-type":"","background-media":"","overlay-type":"","overlay-color":"","overlay-opacity":"","overlay-gradient":""},"mobile":{"background-color":"var(--ast-global-color-5)","background-image":"","background-repeat":"repeat","background-position":"center center","background-size":"auto","background-attachment":"scroll","background-type":"","background-media":"","overlay-type":"","overlay-color":"","overlay-opacity":"","overlay-gradient":""}},"footnotes":""},"class_list":["post-2708","page","type-page","status-publish","hentry"],"_links":{"self":[{"href":"https:\/\/swisstimberengineers.ch\/fr\/wp-json\/wp\/v2\/pages\/2708","targetHints":{"allow":["GET"]}}],"collection":[{"href":"https:\/\/swisstimberengineers.ch\/fr\/wp-json\/wp\/v2\/pages"}],"about":[{"href":"https:\/\/swisstimberengineers.ch\/fr\/wp-json\/wp\/v2\/types\/page"}],"author":[{"embeddable":true,"href":"https:\/\/swisstimberengineers.ch\/fr\/wp-json\/wp\/v2\/users\/3"}],"replies":[{"embeddable":true,"href":"https:\/\/swisstimberengineers.ch\/fr\/wp-json\/wp\/v2\/comments?post=2708"}],"version-history":[{"count":1,"href":"https:\/\/swisstimberengineers.ch\/fr\/wp-json\/wp\/v2\/pages\/2708\/revisions"}],"predecessor-version":[{"id":3632,"href":"https:\/\/swisstimberengineers.ch\/fr\/wp-json\/wp\/v2\/pages\/2708\/revisions\/3632"}],"wp:attachment":[{"href":"https:\/\/swisstimberengineers.ch\/fr\/wp-json\/wp\/v2\/media?parent=2708"}],"curies":[{"name":"wp","href":"https:\/\/api.w.org\/{rel}","templated":true}]}}