{"id":2721,"date":"2021-05-12T08:48:21","date_gmt":"2021-05-12T06:48:21","guid":{"rendered":"https:\/\/swisstimberengineers.ch\/inscription_partenaires-de-prestations\/"},"modified":"2025-11-26T09:17:08","modified_gmt":"2025-11-26T08:17:08","slug":"inscription_partenaires-de-prestations","status":"publish","type":"page","link":"https:\/\/swisstimberengineers.ch\/fr\/inscription_partenaires-de-prestations\/","title":{"rendered":"Inscription_Partenaires de prestations"},"content":{"rendered":"\n<h2>\n\t\t\tPartenaires de prestation STE\t<\/h2>\n\t<p>Faites-vous conna\u00eetre aupr\u00e8s des ing\u00e9nieur\u2219e\u2219s du bois. Rendez vos services accessibles \u00e0 ce groupe de sp\u00e9cialistes de mani\u00e8re simple, directe et \u00e9conomique ! Profitez d&rsquo;une pr\u00e9sence et d&rsquo;une interaction dans le cadre des \u00e9v\u00e8nements exclusifs du STE :<\/p>\n<ul>\n<li>Pr\u00e9sentez votre entreprise et vos produits, par exemple lors de l&rsquo;AG ou en tant que partenaire lors d&rsquo;un holzTalk.<\/li>\n<li>Augmentez votre notori\u00e9t\u00e9 et votre profil en apparaissant dans la revue pour nos membres, le Lignarius, ou aux publications web.<\/li>\n<\/ul>\n<p>Consultez la <strong><a href=\"https:\/\/swisstimberengineers.ch\/wp-content\/uploads\/2025\/11\/Booklet_Leistungspartner_STE_Version_V25-11.pdf\">Liste des services STE<\/a><\/strong> pour plus d&rsquo;informations ou contactez directement notre bureau.<\/p>\n\n","protected":false},"excerpt":{"rendered":"<p>Partenaires de prestation STE Faites-vous conna\u00eetre aupr\u00e8s des ing\u00e9nieur\u2219e\u2219s du bois. Rendez vos services accessibles \u00e0 ce groupe de sp\u00e9cialistes de mani\u00e8re simple, directe et \u00e9conomique ! Profitez d&rsquo;une pr\u00e9sence et d&rsquo;une interaction dans le cadre des \u00e9v\u00e8nements exclusifs du STE : Pr\u00e9sentez votre entreprise et vos produits, par exemple lors de l&rsquo;AG ou en [&hellip;]<\/p>\n","protected":false},"author":3,"featured_media":0,"parent":0,"menu_order":1,"comment_status":"closed","ping_status":"closed","template":"","meta":{"site-sidebar-layout":"default","site-content-layout":"default","ast-site-content-layout":"default","site-content-style":"default","site-sidebar-style":"default","ast-global-header-display":"","ast-banner-title-visibility":"","ast-main-header-display":"","ast-hfb-above-header-display":"","ast-hfb-below-header-display":"","ast-hfb-mobile-header-display":"","site-post-title":"disabled","ast-breadcrumbs-content":"","ast-featured-img":"","footer-sml-layout":"","ast-disable-related-posts":"","theme-transparent-header-meta":"default","adv-header-id-meta":"","stick-header-meta":"default","header-above-stick-meta":"","header-main-stick-meta":"","header-below-stick-meta":"","astra-migrate-meta-layouts":"set","ast-page-background-enabled":"default","ast-page-background-meta":{"desktop":{"background-color":"","background-image":"","background-repeat":"repeat","background-position":"center center","background-size":"auto","background-attachment":"scroll","background-type":"","background-media":"","overlay-type":"","overlay-color":"","overlay-opacity":"","overlay-gradient":""},"tablet":{"background-color":"","background-image":"","background-repeat":"repeat","background-position":"center center","background-size":"auto","background-attachment":"scroll","background-type":"","background-media":"","overlay-type":"","overlay-color":"","overlay-opacity":"","overlay-gradient":""},"mobile":{"background-color":"","background-image":"","background-repeat":"repeat","background-position":"center center","background-size":"auto","background-attachment":"scroll","background-type":"","background-media":"","overlay-type":"","overlay-color":"","overlay-opacity":"","overlay-gradient":""}},"ast-content-background-meta":{"desktop":{"background-color":"var(--ast-global-color-5)","background-image":"","background-repeat":"repeat","background-position":"center center","background-size":"auto","background-attachment":"scroll","background-type":"","background-media":"","overlay-type":"","overlay-color":"","overlay-opacity":"","overlay-gradient":""},"tablet":{"background-color":"var(--ast-global-color-5)","background-image":"","background-repeat":"repeat","background-position":"center center","background-size":"auto","background-attachment":"scroll","background-type":"","background-media":"","overlay-type":"","overlay-color":"","overlay-opacity":"","overlay-gradient":""},"mobile":{"background-color":"var(--ast-global-color-5)","background-image":"","background-repeat":"repeat","background-position":"center center","background-size":"auto","background-attachment":"scroll","background-type":"","background-media":"","overlay-type":"","overlay-color":"","overlay-opacity":"","overlay-gradient":""}},"footnotes":""},"class_list":["post-2721","page","type-page","status-publish","hentry"],"_links":{"self":[{"href":"https:\/\/swisstimberengineers.ch\/fr\/wp-json\/wp\/v2\/pages\/2721","targetHints":{"allow":["GET"]}}],"collection":[{"href":"https:\/\/swisstimberengineers.ch\/fr\/wp-json\/wp\/v2\/pages"}],"about":[{"href":"https:\/\/swisstimberengineers.ch\/fr\/wp-json\/wp\/v2\/types\/page"}],"author":[{"embeddable":true,"href":"https:\/\/swisstimberengineers.ch\/fr\/wp-json\/wp\/v2\/users\/3"}],"replies":[{"embeddable":true,"href":"https:\/\/swisstimberengineers.ch\/fr\/wp-json\/wp\/v2\/comments?post=2721"}],"version-history":[{"count":1,"href":"https:\/\/swisstimberengineers.ch\/fr\/wp-json\/wp\/v2\/pages\/2721\/revisions"}],"predecessor-version":[{"id":3636,"href":"https:\/\/swisstimberengineers.ch\/fr\/wp-json\/wp\/v2\/pages\/2721\/revisions\/3636"}],"wp:attachment":[{"href":"https:\/\/swisstimberengineers.ch\/fr\/wp-json\/wp\/v2\/media?parent=2721"}],"curies":[{"name":"wp","href":"https:\/\/api.w.org\/{rel}","templated":true}]}}