{"id":2722,"date":"2021-05-12T08:48:12","date_gmt":"2021-05-12T06:48:12","guid":{"rendered":"https:\/\/swisstimberengineers.ch\/inscription_membre_individuel\/"},"modified":"2024-10-29T09:52:26","modified_gmt":"2024-10-29T08:52:26","slug":"inscription_membre_individuel","status":"publish","type":"page","link":"https:\/\/swisstimberengineers.ch\/fr\/inscription_membre_individuel\/","title":{"rendered":"Inscription_Membre_individuel"},"content":{"rendered":"\n<h2>\n\t\tAdh\u00e9sion STE pour les personnes individuelles\n\t<\/h2>\n\t<p>D\u00e9veloppez avec nous la fili\u00e8re bois et profitez-en en m\u00eame temps. Devenez membre et apprenez les derni\u00e8res nouvelles de notre r\u00e9seau unique, qui couvre toute la cha\u00eene de valeur du bois.<\/p>\n<p>La cotisation annuelle est de CHF 180.- (CHF 90.- pour les moins de 29 ans).<\/p>\n<p>Les conditions d&rsquo;adh\u00e9sion en tant que membre individuel :<\/p>\n<ul>\n<li>Vous \u00eates titulaire d&rsquo;un dipl\u00f4me ETS\/HES\/bachelor\/master ou sup\u00e9rieur et vous travaillez principalement dans ou pour la fili\u00e8re bois.<\/li>\n<li>Vous \u00eates actif\u00b7ve en \u00e9conomie du bois en raison de votre activit\u00e9 ou de votre exp\u00e9rience et vous la promouvez de mani\u00e8re d\u00e9terminante, mais vous ne disposez pas d&rsquo;un dipl\u00f4me ETS\/HES\/bachelor\/master ou d&rsquo;un dipl\u00f4me sup\u00e9rieur (sera v\u00e9rifi\u00e9 par le comit\u00e9 apr\u00e8s l&rsquo;inscription).<\/li>\n<\/ul>\n\t<p>Prestations pour membres individuels :<\/p>\n<ul>\n<li>Acc\u00e8s au r\u00e9seau de la fili\u00e8re bois<\/li>\n<li>divers \u00e9v\u00e8nements avec des expos\u00e9s d&rsquo;introduction<\/li>\n<li>Revue Lignarius (uniquement en allemand)<\/li>\n<li>Bulletin d&rsquo;information (newsletter \u00e9lectronique)<\/li>\n<li>Invitations \u00e0 divers \u00e9v\u00e8nements<\/li>\n<li>Possibilit\u00e9 de participer aux forums<\/li>\n<li>autres offres divers du STE<\/li>\n<li>Soutien \u00e0 la promotion cibl\u00e9e de la fili\u00e8re bois<\/li>\n<li>Possibilit\u00e9 de double affiliation \u00e0 <a href=\"https:\/\/www.lignum.ch\/fr\/organisation\/affiliations\/membre_individuel\/\"><strong>Lignum Suisse<\/strong><\/a><br \/>\n(r\u00e9duction de CHF 50.- sur la cotisation annuelle pour les membres\u00a0 individuels avec STE cotisation annuelle de CHF 180.-)<\/li>\n<li>Possibilit\u00e9 de double affiliation \u00e0 Swiss Engineering (STV) &#8211; <strong><a href=\"https:\/\/www.swissengineering.ch\/de\/mitglieder-und-partner\/mitglieder\/mitglied-werden\">inscription s\u00e9par\u00e9e<\/a><\/strong><\/li>\n<\/ul>\n\n","protected":false},"excerpt":{"rendered":"<p>Adh\u00e9sion STE pour les personnes individuelles D\u00e9veloppez avec nous la fili\u00e8re bois et profitez-en en m\u00eame temps. Devenez membre et apprenez les derni\u00e8res nouvelles de notre r\u00e9seau unique, qui couvre toute la cha\u00eene de valeur du bois. La cotisation annuelle est de CHF 180.- (CHF 90.- pour les moins de 29 ans). Les conditions d&rsquo;adh\u00e9sion [&hellip;]<\/p>\n","protected":false},"author":3,"featured_media":0,"parent":0,"menu_order":1,"comment_status":"closed","ping_status":"closed","template":"","meta":{"site-sidebar-layout":"default","site-content-layout":"default","ast-site-content-layout":"default","site-content-style":"default","site-sidebar-style":"default","ast-global-header-display":"","ast-banner-title-visibility":"","ast-main-header-display":"","ast-hfb-above-header-display":"","ast-hfb-below-header-display":"","ast-hfb-mobile-header-display":"","site-post-title":"disabled","ast-breadcrumbs-content":"","ast-featured-img":"","footer-sml-layout":"","ast-disable-related-posts":"","theme-transparent-header-meta":"default","adv-header-id-meta":"","stick-header-meta":"default","header-above-stick-meta":"","header-main-stick-meta":"","header-below-stick-meta":"","astra-migrate-meta-layouts":"default","ast-page-background-enabled":"default","ast-page-background-meta":{"desktop":{"background-color":"","background-image":"","background-repeat":"repeat","background-position":"center center","background-size":"auto","background-attachment":"scroll","background-type":"","background-media":"","overlay-type":"","overlay-color":"","overlay-opacity":"","overlay-gradient":""},"tablet":{"background-color":"","background-image":"","background-repeat":"repeat","background-position":"center center","background-size":"auto","background-attachment":"scroll","background-type":"","background-media":"","overlay-type":"","overlay-color":"","overlay-opacity":"","overlay-gradient":""},"mobile":{"background-color":"","background-image":"","background-repeat":"repeat","background-position":"center center","background-size":"auto","background-attachment":"scroll","background-type":"","background-media":"","overlay-type":"","overlay-color":"","overlay-opacity":"","overlay-gradient":""}},"ast-content-background-meta":{"desktop":{"background-color":"var(--ast-global-color-5)","background-image":"","background-repeat":"repeat","background-position":"center center","background-size":"auto","background-attachment":"scroll","background-type":"","background-media":"","overlay-type":"","overlay-color":"","overlay-opacity":"","overlay-gradient":""},"tablet":{"background-color":"var(--ast-global-color-5)","background-image":"","background-repeat":"repeat","background-position":"center center","background-size":"auto","background-attachment":"scroll","background-type":"","background-media":"","overlay-type":"","overlay-color":"","overlay-opacity":"","overlay-gradient":""},"mobile":{"background-color":"var(--ast-global-color-5)","background-image":"","background-repeat":"repeat","background-position":"center center","background-size":"auto","background-attachment":"scroll","background-type":"","background-media":"","overlay-type":"","overlay-color":"","overlay-opacity":"","overlay-gradient":""}},"footnotes":""},"class_list":["post-2722","page","type-page","status-publish","hentry"],"_links":{"self":[{"href":"https:\/\/swisstimberengineers.ch\/fr\/wp-json\/wp\/v2\/pages\/2722","targetHints":{"allow":["GET"]}}],"collection":[{"href":"https:\/\/swisstimberengineers.ch\/fr\/wp-json\/wp\/v2\/pages"}],"about":[{"href":"https:\/\/swisstimberengineers.ch\/fr\/wp-json\/wp\/v2\/types\/page"}],"author":[{"embeddable":true,"href":"https:\/\/swisstimberengineers.ch\/fr\/wp-json\/wp\/v2\/users\/3"}],"replies":[{"embeddable":true,"href":"https:\/\/swisstimberengineers.ch\/fr\/wp-json\/wp\/v2\/comments?post=2722"}],"version-history":[{"count":1,"href":"https:\/\/swisstimberengineers.ch\/fr\/wp-json\/wp\/v2\/pages\/2722\/revisions"}],"predecessor-version":[{"id":3085,"href":"https:\/\/swisstimberengineers.ch\/fr\/wp-json\/wp\/v2\/pages\/2722\/revisions\/3085"}],"wp:attachment":[{"href":"https:\/\/swisstimberengineers.ch\/fr\/wp-json\/wp\/v2\/media?parent=2722"}],"curies":[{"name":"wp","href":"https:\/\/api.w.org\/{rel}","templated":true}]}}